{"id":665,"date":"2022-01-10T11:17:45","date_gmt":"2022-01-10T16:17:45","guid":{"rendered":"https:\/\/scorpiontrust.com\/celestavia\/?page_id=665"},"modified":"2022-03-01T18:37:10","modified_gmt":"2022-03-01T23:37:10","slug":"gob-consulta","status":"publish","type":"page","link":"https:\/\/scorpiontrust.com\/celestavia\/index.php\/gob-consulta\/","title":{"rendered":"Gob. consulta"},"content":{"rendered":"\t\t<div data-elementor-type=\"wp-page\" data-elementor-id=\"665\" class=\"elementor elementor-665\">\n\t\t\t\t\t\t<section class=\"elementor-section elementor-top-section elementor-element elementor-element-3567c1f4 elementor-section-boxed elementor-section-height-default elementor-section-height-default\" data-id=\"3567c1f4\" data-element_type=\"section\">\n\t\t\t\t\t\t<div class=\"elementor-container elementor-column-gap-default\">\n\t\t\t\t\t<div class=\"elementor-column elementor-col-100 elementor-top-column elementor-element elementor-element-179b97cd\" data-id=\"179b97cd\" data-element_type=\"column\">\n\t\t\t<div class=\"elementor-widget-wrap elementor-element-populated\">\n\t\t\t\t\t\t<div class=\"elementor-element elementor-element-b41a71a elementor-widget elementor-widget-text-editor\" data-id=\"b41a71a\" data-element_type=\"widget\" data-widget_type=\"text-editor.default\">\n\t\t\t\t<div class=\"elementor-widget-container\">\n\t\t\t\t\t\t\t\t\t<p><\/p>\n<p>Si lo solicita, podemos ofrecerle una propuesta detallada. A continuaci\u00f3n encontrar\u00e1 unas pautas generales de duraci\u00f3n y costes.<\/p>\n<p><\/p>\n<p><\/p>\n<p>En la mayor\u00eda de los casos, el tiempo para tener un sistema totalmente operativo es de 3 a\u00f1os. El precio oscila entre los 2,5 millones de d\u00f3lares y los 9 millones de d\u00f3lares por kil\u00f3metro, dependiendo del n\u00famero de l\u00edneas por poste, el n\u00famero de estaciones de entrada\/salida, el n\u00famero de vagones y de veh\u00edculos\/coches\/contenedores.&nbsp; La mayor\u00eda de los sistemas incluyen el sistema de recolecci\u00f3n de basura, el almacenamiento de paquetes, los buzones de paquetes, los veh\u00edculos de entrega de \u00faltima milla 4&#215;4, el servicio de fibra \u00f3ptica y 5G en toda la ruta, la distribuci\u00f3n de energ\u00eda de alto voltaje en toda la ruta, el software de seguridad AI y el software de reserva.<\/p>\n<p><\/p>\n<p><\/p>\n<p>El precio asume la servidumbre gubernamental y la asignaci\u00f3n de terrenos sin coste para el proyecto, ya que se trata de un servicio p\u00fablico. Si no es as\u00ed, indique lo contrario. Tambi\u00e9n se asume que usted mediar\u00e1 cualquier cambio de legislaci\u00f3n necesario, ordenanza, servidumbre de postes y apropiaci\u00f3n de terrenos.<\/p>\n<p><\/p>\n<p><\/p>\n<p>Para que podamos ofrecerle una propuesta detallada y personalizada, necesitamos que nos facilite lo siguiente:<\/p>\n<p><\/p>\n<p><\/p>\n<ol>\n<li>Ruta(s)<\/li>\n<li>Estad\u00edsticas detalladas de tr\u00e1fico de autobuses, coches, camiones y taxis<\/li>\n<li>Lista de todas las estaciones de entrada\/salida deseadas, su ubicaci\u00f3n y caracter\u00edsticas (escuela, centro comercial, etc.)<\/li>\n<li>Coste de la construcci\u00f3n de edificios peque\u00f1os y altos en su localidad<\/li>\n<li>Lista de los salarios medios de los directores generales, conductores de autob\u00fas, taxistas, inform\u00e1ticos, etc.<\/li>\n<li>IVA \/ Impuesto sobre las ventas, derechos de importaci\u00f3n<\/li>\n<li>Coste del billete de autob\u00fas<\/li>\n<li>Coste del taxi<\/li>\n<li>Disponibilidad de l\u00edneas el\u00e9ctricas de alta tensi\u00f3n<\/li>\n<li>Ubicaci\u00f3n de la(s) planta(s) de procesamiento de basura<\/li>\n<li>Impuestos que pretende cobrar, si los hay, al usuario final<\/li>\n<li>\u00bfQuiere que lo gestionemos nosotros (ser el operador) o prefiere hacerlo usted mismo?<\/li>\n<li>\u00bfDesea que este proyecto tenga fines de lucro o no?<\/li>\n<li>Estructura del impuesto de sociedades, incluidos los beneficios, cr\u00e9ditos e incentivos<\/li>\n<li>Contribuci\u00f3n del gobierno, inversi\u00f3n y objetivos financieros para este proyecto<\/li>\n<\/ol>\n<p><\/p>\n<p><\/p>\n<p><\/p>\n<p><\/p>\n<p><\/p>\t\t\t\t\t\t\t\t<\/div>\n\t\t\t\t<\/div>\n\t\t\t\t\t<\/div>\n\t\t<\/div>\n\t\t\t\t\t<\/div>\n\t\t<\/section>\n\t\t\t\t<\/div>\n\t\t","protected":false},"excerpt":{"rendered":"<p>Si lo solicita, podemos ofrecerle una propuesta detallada. A continuaci\u00f3n encontrar\u00e1 unas pautas generales de duraci\u00f3n y costes. En la mayor\u00eda de los casos, el tiempo para tener un sistema totalmente operativo es de 3 a\u00f1os. El precio oscila entre los 2,5 millones de d\u00f3lares y los 9 millones de d\u00f3lares por kil\u00f3metro, dependiendo del &hellip; <\/p>\n<p class=\"link-more\"><a href=\"https:\/\/scorpiontrust.com\/celestavia\/index.php\/gob-consulta\/\" class=\"more-link\">Continue reading<span class=\"screen-reader-text\"> &#8220;Gob. consulta&#8221;<\/span><\/a><\/p>\n","protected":false},"author":1,"featured_media":0,"parent":0,"menu_order":0,"comment_status":"closed","ping_status":"closed","template":"","meta":{"footnotes":""},"class_list":["post-665","page","type-page","status-publish","hentry"],"_links":{"self":[{"href":"https:\/\/scorpiontrust.com\/celestavia\/index.php\/wp-json\/wp\/v2\/pages\/665","targetHints":{"allow":["GET"]}}],"collection":[{"href":"https:\/\/scorpiontrust.com\/celestavia\/index.php\/wp-json\/wp\/v2\/pages"}],"about":[{"href":"https:\/\/scorpiontrust.com\/celestavia\/index.php\/wp-json\/wp\/v2\/types\/page"}],"author":[{"embeddable":true,"href":"https:\/\/scorpiontrust.com\/celestavia\/index.php\/wp-json\/wp\/v2\/users\/1"}],"replies":[{"embeddable":true,"href":"https:\/\/scorpiontrust.com\/celestavia\/index.php\/wp-json\/wp\/v2\/comments?post=665"}],"version-history":[{"count":8,"href":"https:\/\/scorpiontrust.com\/celestavia\/index.php\/wp-json\/wp\/v2\/pages\/665\/revisions"}],"predecessor-version":[{"id":736,"href":"https:\/\/scorpiontrust.com\/celestavia\/index.php\/wp-json\/wp\/v2\/pages\/665\/revisions\/736"}],"wp:attachment":[{"href":"https:\/\/scorpiontrust.com\/celestavia\/index.php\/wp-json\/wp\/v2\/media?parent=665"}],"curies":[{"name":"wp","href":"https:\/\/api.w.org\/{rel}","templated":true}]}}